{"id":126,"date":"2024-09-24T13:50:27","date_gmt":"2024-09-24T13:50:27","guid":{"rendered":"https:\/\/geosafe.unibuc.ro\/?page_id=126"},"modified":"2024-10-13T18:57:25","modified_gmt":"2024-10-13T16:57:25","slug":"diseminare-la-evenimente-stiintifice","status":"publish","type":"page","link":"https:\/\/geosafe.unibuc.ro\/index.php\/diseminare-la-evenimente-stiintifice\/","title":{"rendered":"Diseminare la evenimente \u0219tiin\u021bifice"},"content":{"rendered":"\t\t<div data-elementor-type=\"wp-page\" data-elementor-id=\"126\" class=\"elementor elementor-126\">\n\t\t\t\t<div class=\"elementor-element elementor-element-e8956c6 e-flex e-con-boxed e-con e-parent\" data-id=\"e8956c6\" data-element_type=\"container\">\n\t\t\t\t\t<div class=\"e-con-inner\">\n\t\t\t\t<div class=\"elementor-element elementor-element-cf2cce3 elementor-widget elementor-widget-text-editor\" data-id=\"cf2cce3\" data-element_type=\"widget\" data-widget_type=\"text-editor.default\">\n\t\t\t\t<div class=\"elementor-widget-container\">\n\t\t\t\t\t\t\t\t\t<p>Rezultatele \u0219tiin\u021bifice aferente acestor activit\u0103\u021bi din cadrul proiectului au fost diseminate prin participarea la urm\u0103toarele evenimente \u0219tiin\u021bificse (Figura 7):<\/p><ol><li><strong>European Geosciences General Assembly, 14-19 aprilie 2024, Viena Austria<\/strong>:<\/li><\/ol><ul><li>Armas, I., Albulescu, A.-C., and Dobre, D. (2024). Impact Chain-based model to assess multi-hazard systemic vulnerability. Case study: Flood and the COVID-19 pandemic in Romania, EGU General Assembly 2024, Vienna, Austria, 14\u201319 Apr 2024, EGU24-15048, https:\/\/doi.org\/10.5194\/egusphere-egu24-15048<\/li><li>Albulescu, A.-C. and Armas, I. (2024). Decoding vulnerability dynamics in a multi-hazard context. An Impact Chain-based exploration, EGU General Assembly 2024, Vienna, Austria, 14\u201319 Apr 2024, EGU24-3054, https:\/\/doi.org\/10.5194\/egusphere-egu24-3054<\/li><li>Savu, C., Albulescu, A.-C., Arma\u0219, I., and Toma-D\u0103n\u0103il\u0103, D. (2024). Learning from the past to prepare for the worst. Impact Chain on the multi-hazard of COVID-19 pandemic and a powerful earthquake in Bucharest, EGU General Assembly 2024, Vienna, Austria, 14\u201319 Apr 2024, EGU24-12033, https:\/\/doi.org\/10.5194\/egusphere-egu24-12033<\/li><\/ul><ol start=\"2\"><li><strong>32nd Conference of Society for Risk Analysis \u2013 Risk in time and space, 2-5 iunie 2024, Atena, Grecia<\/strong>:<\/li><\/ol><ul><li>Arma\u0219, I., Dobre, D. and Albulescu, A.-C. (2024). Perceiving risk and planning ahead? Linking risk perception and disaster preparedness behaviour in Bucharest, Romania<\/li><li>Arma\u0219, I., Albulescu, A.-C., and Dobre, D. (2024). Systemic vulnerability modelling under an Impact Chain approach. Examining earthquakes, floods, and the COVID-19 pandemic<\/li><\/ul><ol start=\"3\"><li><strong>5th European Conference on Risk Perception, Behaviour, Management and Response \u2013 ECRP24, 17-19 iunie 2024, Barcelona, Spania<\/strong><strong>:<\/strong><\/li><\/ol><ul><li>Albulescu, A.-C., Arma\u0219, I. (2024). Natural risk perception in Romania: beginnings, progress, and perspectives<\/li><li>Arma\u0219, I., Dobre, D. and Albulescu, A.-C. (2024). Risk perception and preparedness behaviour: Examining the nexus in Bucharest\u2019s seismic context<\/li><\/ul><p><strong>\u00a0<\/strong><\/p>\t\t\t\t\t\t\t\t<\/div>\n\t\t\t\t<\/div>\n\t\t\t\t\t<\/div>\n\t\t\t\t<\/div>\n\t\t<div class=\"elementor-element elementor-element-3ade6f6 e-flex e-con-boxed e-con e-parent\" data-id=\"3ade6f6\" data-element_type=\"container\">\n\t\t\t\t\t<div class=\"e-con-inner\">\n\t\t\t\t<div class=\"elementor-element elementor-element-8d8f28e elementor-widget elementor-widget-image\" data-id=\"8d8f28e\" data-element_type=\"widget\" data-widget_type=\"image.default\">\n\t\t\t\t<div class=\"elementor-widget-container\">\n\t\t\t\t\t\t\t\t\t\t\t\t<figure class=\"wp-caption\">\n\t\t\t\t\t\t\t\t\t\t<img fetchpriority=\"high\" decoding=\"async\" width=\"1024\" height=\"946\" src=\"https:\/\/geosafe.unibuc.ro\/wp-content\/uploads\/2024\/09\/Figura-7-1024x946.png\" class=\"attachment-large size-large wp-image-77\" alt=\"\" srcset=\"https:\/\/geosafe.unibuc.ro\/wp-content\/uploads\/2024\/09\/Figura-7-1024x946.png 1024w, https:\/\/geosafe.unibuc.ro\/wp-content\/uploads\/2024\/09\/Figura-7-300x277.png 300w, https:\/\/geosafe.unibuc.ro\/wp-content\/uploads\/2024\/09\/Figura-7-768x709.png 768w, https:\/\/geosafe.unibuc.ro\/wp-content\/uploads\/2024\/09\/Figura-7-1536x1419.png 1536w, https:\/\/geosafe.unibuc.ro\/wp-content\/uploads\/2024\/09\/Figura-7-2048x1892.png 2048w\" sizes=\"(max-width: 1024px) 100vw, 1024px\" \/>\t\t\t\t\t\t\t\t\t\t\t<figcaption class=\"widget-image-caption wp-caption-text\">Figura 7. Diseminarea rezultatelor \u0219tiin\u021bifice prin participare la evenimente \u0219tiin\u021bifice interna\u021bionale<\/figcaption>\n\t\t\t\t\t\t\t\t\t\t<\/figure>\n\t\t\t\t\t\t\t\t\t<\/div>\n\t\t\t\t<\/div>\n\t\t\t\t\t<\/div>\n\t\t\t\t<\/div>\n\t\t\t\t<\/div>\n\t\t","protected":false},"excerpt":{"rendered":"<p>Rezultatele \u0219tiin\u021bifice aferente acestor activit\u0103\u021bi din cadrul proiectului au fost diseminate prin participarea la urm\u0103toarele evenimente \u0219tiin\u021bificse (Figura 7): European Geosciences General Assembly, 14-19 aprilie 2024, Viena Austria: Armas, I., Albulescu, A.-C., and Dobre, D. (2024). Impact Chain-based model to assess multi-hazard systemic vulnerability. Case study: Flood and the COVID-19 pandemic in Romania, EGU General [&hellip;]<\/p>\n","protected":false},"author":1,"featured_media":0,"parent":0,"menu_order":0,"comment_status":"closed","ping_status":"closed","template":"","meta":{"footnotes":""},"class_list":["post-126","page","type-page","status-publish","hentry"],"_links":{"self":[{"href":"https:\/\/geosafe.unibuc.ro\/index.php\/wp-json\/wp\/v2\/pages\/126","targetHints":{"allow":["GET"]}}],"collection":[{"href":"https:\/\/geosafe.unibuc.ro\/index.php\/wp-json\/wp\/v2\/pages"}],"about":[{"href":"https:\/\/geosafe.unibuc.ro\/index.php\/wp-json\/wp\/v2\/types\/page"}],"author":[{"embeddable":true,"href":"https:\/\/geosafe.unibuc.ro\/index.php\/wp-json\/wp\/v2\/users\/1"}],"replies":[{"embeddable":true,"href":"https:\/\/geosafe.unibuc.ro\/index.php\/wp-json\/wp\/v2\/comments?post=126"}],"version-history":[{"count":19,"href":"https:\/\/geosafe.unibuc.ro\/index.php\/wp-json\/wp\/v2\/pages\/126\/revisions"}],"predecessor-version":[{"id":250,"href":"https:\/\/geosafe.unibuc.ro\/index.php\/wp-json\/wp\/v2\/pages\/126\/revisions\/250"}],"wp:attachment":[{"href":"https:\/\/geosafe.unibuc.ro\/index.php\/wp-json\/wp\/v2\/media?parent=126"}],"curies":[{"name":"wp","href":"https:\/\/api.w.org\/{rel}","templated":true}]}}