{"id":31,"date":"2024-09-24T11:04:55","date_gmt":"2024-09-24T11:04:55","guid":{"rendered":"https:\/\/geosafe.unibuc.ro\/?page_id=31"},"modified":"2024-09-28T14:13:43","modified_gmt":"2024-09-28T14:13:43","slug":"obiectiv","status":"publish","type":"page","link":"https:\/\/geosafe.unibuc.ro\/index.php\/obiectiv\/","title":{"rendered":"Obiectiv"},"content":{"rendered":"<p style=\"text-align: justify;\">Proiectul de premiere UEFISCDI PN-IV-P8-8.1-PRE-HE-ORG-2023-0120 are drept scop evaluarea vulnerabilit\u0103\u021bii multi-hazard prin augmentarea lan\u021burilor de impact, integr\u00e2nd inclusiv componenta psiho-social\u0103 de percep\u021bie \u0219i comportament. Aceast\u0103 cercetare este derivat\u0103 din Proiectul Horizon PARATUS (Promoting Disaster preparedness and resilience by co-developing stakeholder support tools for managing the systemic risk of compounding disasters).<\/p>\n<p style=\"text-align: justify;\">Proiectul Evaluarea vulnerabilit\u0103\u021bii la multi-hazard pe baza lan\u021burilor de impact se raporteaz\u0103 at\u00e2t la scar\u0103 na\u021bional\u0103 \u2013 urm\u0103rind impactul inunda\u021biilor din perioada 2020-2021, c\u00e2t \u0219i la scar\u0103 urban\u0103 \u2013 urm\u0103rind poten\u021bialul impact pe care un cutremur major l-ar putea avea asupra Bucure\u0219tiului \u00eentr-un viitor apropiat. Cele dou\u0103 hazarde prezint\u0103 relevan\u021b\u0103 deosebit\u0103 pentru aceste sc\u0103ri spa\u021biale, fiind unele dintre cele mai frecvente \u0219i distrug\u0103toare hazarde care afecteaz\u0103 Rom\u00e2nia. De subliniat este faptul c\u0103 impactul inunda\u021biilor din anii 2020 \u0219i 2021 a coincis spa\u021bio-temporal cu cel al pandemiei COVID-19, contur\u00e2ndu-se o situa\u021bie de tip multi-hazard dificil de gestionat, dar care merit\u0103 analizat\u0103 din perspectiva vulnerabilit\u0103\u021bii \u0219i dinamicii acesteia \u00een timp \u0219i spa\u021biu, pentru a extrage \u00eenv\u0103\u021b\u0103minte ce pot sprijini dezvoltarea unor strategii de management al (multi-) riscului.<\/p>\n","protected":false},"excerpt":{"rendered":"<p>Proiectul de premiere UEFISCDI PN-IV-P8-8.1-PRE-HE-ORG-2023-0120 are drept scop evaluarea vulnerabilit\u0103\u021bii multi-hazard prin augmentarea lan\u021burilor de impact, integr\u00e2nd inclusiv componenta psiho-social\u0103 de percep\u021bie \u0219i comportament. Aceast\u0103 cercetare este derivat\u0103 din Proiectul Horizon PARATUS (Promoting Disaster preparedness and resilience by co-developing stakeholder support tools for managing the systemic risk of compounding disasters). Proiectul Evaluarea vulnerabilit\u0103\u021bii la multi-hazard [&hellip;]<\/p>\n","protected":false},"author":1,"featured_media":26,"parent":0,"menu_order":0,"comment_status":"closed","ping_status":"closed","template":"","meta":{"footnotes":""},"class_list":["post-31","page","type-page","status-publish","has-post-thumbnail","hentry"],"_links":{"self":[{"href":"https:\/\/geosafe.unibuc.ro\/index.php\/wp-json\/wp\/v2\/pages\/31","targetHints":{"allow":["GET"]}}],"collection":[{"href":"https:\/\/geosafe.unibuc.ro\/index.php\/wp-json\/wp\/v2\/pages"}],"about":[{"href":"https:\/\/geosafe.unibuc.ro\/index.php\/wp-json\/wp\/v2\/types\/page"}],"author":[{"embeddable":true,"href":"https:\/\/geosafe.unibuc.ro\/index.php\/wp-json\/wp\/v2\/users\/1"}],"replies":[{"embeddable":true,"href":"https:\/\/geosafe.unibuc.ro\/index.php\/wp-json\/wp\/v2\/comments?post=31"}],"version-history":[{"count":6,"href":"https:\/\/geosafe.unibuc.ro\/index.php\/wp-json\/wp\/v2\/pages\/31\/revisions"}],"predecessor-version":[{"id":166,"href":"https:\/\/geosafe.unibuc.ro\/index.php\/wp-json\/wp\/v2\/pages\/31\/revisions\/166"}],"wp:featuredmedia":[{"embeddable":true,"href":"https:\/\/geosafe.unibuc.ro\/index.php\/wp-json\/wp\/v2\/media\/26"}],"wp:attachment":[{"href":"https:\/\/geosafe.unibuc.ro\/index.php\/wp-json\/wp\/v2\/media?parent=31"}],"curies":[{"name":"wp","href":"https:\/\/api.w.org\/{rel}","templated":true}]}}