{"id":63,"date":"2024-09-24T12:02:37","date_gmt":"2024-09-24T12:02:37","guid":{"rendered":"https:\/\/geosafe.unibuc.ro\/?page_id=63"},"modified":"2024-10-13T19:03:34","modified_gmt":"2024-10-13T17:03:34","slug":"rezultate-activitate-1-2","status":"publish","type":"page","link":"https:\/\/geosafe.unibuc.ro\/index.php\/rezultate-activitate-1-2\/","title":{"rendered":"Rezultate Activitate 1.2"},"content":{"rendered":"\t\t<div data-elementor-type=\"wp-page\" data-elementor-id=\"63\" class=\"elementor elementor-63\">\n\t\t\t\t<div class=\"elementor-element elementor-element-b37ff08 e-flex e-con-boxed e-con e-parent\" data-id=\"b37ff08\" data-element_type=\"container\">\n\t\t\t\t\t<div class=\"e-con-inner\">\n\t\t\t\t<div class=\"elementor-element elementor-element-91a10bd elementor-widget elementor-widget-text-editor\" data-id=\"91a10bd\" data-element_type=\"widget\" data-widget_type=\"text-editor.default\">\n\t\t\t\t<div class=\"elementor-widget-container\">\n\t\t\t\t\t\t\t\t\t<p><strong>Rezultate Activitate 1.2<\/strong><\/p><p>\u00cen decursul desf\u0103\u0219ur\u0103rii proiectului, au fost realizate 9 lan\u021buri de impact, ce vizeaz\u0103 impactul hazardelor de tip inunda\u021bie, pandemie, seism \u0219i secet\u0103:<\/p><ol><li>Impactul concatenat al inunda\u021biilor \u0219i pandemiei COVID-19 la nivel na\u021bional, \u00een perioada 2020-2021;<\/li><li>Impactul inunda\u021biilor la nivel na\u021bional, \u00een anul 2020;<\/li><li>Impactul inunda\u021biilor la nivel na\u021bional, \u00een anul 2021;<\/li><li>Impactul inunda\u021biilor la nivel na\u021bional, \u00een anul 2022;<\/li><li>Impactul concatenat al inunda\u021biilor la nivel na\u021bional, \u00een anii 2020-2022;<\/li><li>Impactul unui seism major (cu magnitudinea de peste 7 MW) care ar afecta Bucure\u0219tiul \u00eentr-un viitor apropiat;<\/li><li>Impactul pandemiei COVID-19 asupra re\u021belei de spitale din Bucure\u0219ti, \u00een perioada 2020-2022;<\/li><li>Impactul pandemiei COVID-19 asupra re\u021belei de spitale din Bucure\u0219ti, suprapus poten\u021bialului impact al unui seism major (cu magnitudinea de peste 7 MW) care ar afecta Bucure\u0219tiul \u00eentr-un viitor apropiat;<\/li><li>Impactul concatenat al inunda\u021biilor \u0219i secetei din perioada 2020-2022, la nivelul Rom\u00e2niei;<\/li><\/ol><p>\u00a0<\/p><p>\u00a0\u00a0\u00a0\u00a0\u00a0\u00a0\u00a0\u00a0\u00a0\u00a0\u00a0 Lan\u021burile au fost dezvoltate \u00een platforma online Kumu, utiliz\u00e2nd surse de date \u0219i informa\u021bii variate: articole \u0219tiin\u021bifice, rapoarte oficiale, documente legislative, seturi de date statistice, articole de ziar \u0219i websiteuri relevante.<\/p><p>\u00a0\u00a0\u00a0\u00a0\u00a0\u00a0\u00a0\u00a0\u00a0\u00a0\u00a0 Modelarea lan\u021burilor de impact nu s-a limitat la construirea acestora (Figura 2), ci \u0219i la adaptarea cadrului conceptual \u0219i opera\u021bional specific \u00een vederea analiz\u0103rii dinamicii vulnerabilit\u0103\u021bii, mai exact a augment\u0103rii acesteia (\u00een situa\u021biile multi-hazard) de c\u0103tre impact sau op\u021biunile de adaptare (Figura 3). Aceasta s-a realizat prin introducerea unor noi tipuri de conexiuni ce redau aceste efecte de augmentare asupra vulnerabilit\u0103\u021bii \u0219i ac\u021biunea de \u00eent\u0103rire a impactului generator de augmentare de c\u0103tre vulnerabilit\u0103\u021bile augmente, precum \u0219i prin introducerea unor noi tipuri de elemente (e.g., vulnerabilitate augmentat\u0103, impact derivat) (Figura 4). Au rezultat astfel lan\u021buri de impact \u00eembun\u0103t\u0103\u021bite (Figura 5).<\/p><p>Detalii: Albulescu, A. C., &amp; Arma\u0219, I. (2024). An Impact Chain-based exploration of multi-hazard vulnerability dynamics. The multi-hazard of floods and the COVID-19 pandemic in Romania. Natural Hazards and Earth System Sciences Discussions, 2024, 1-51. <a href=\"https:\/\/doi.org\/10.5194\/nhess-24-2895-2024\">https:\/\/doi.org\/10.5194\/nhess-24-2895-2024<\/a><\/p><p>\u00a0<\/p>\t\t\t\t\t\t\t\t<\/div>\n\t\t\t\t<\/div>\n\t\t\t\t\t<\/div>\n\t\t\t\t<\/div>\n\t\t<div class=\"elementor-element elementor-element-e108be4 e-flex e-con-boxed e-con e-parent\" data-id=\"e108be4\" data-element_type=\"container\">\n\t\t\t\t\t<div class=\"e-con-inner\">\n\t\t\t\t<div class=\"elementor-element elementor-element-998d53a elementor-widget elementor-widget-image\" data-id=\"998d53a\" data-element_type=\"widget\" data-widget_type=\"image.default\">\n\t\t\t\t<div class=\"elementor-widget-container\">\n\t\t\t\t\t\t\t\t\t\t\t\t<figure class=\"wp-caption\">\n\t\t\t\t\t\t\t\t\t\t<img fetchpriority=\"high\" decoding=\"async\" width=\"1024\" height=\"400\" src=\"https:\/\/geosafe.unibuc.ro\/wp-content\/uploads\/2024\/09\/Figura-2-1-1024x400.png\" class=\"attachment-large size-large wp-image-69\" alt=\"\" srcset=\"https:\/\/geosafe.unibuc.ro\/wp-content\/uploads\/2024\/09\/Figura-2-1-1024x400.png 1024w, https:\/\/geosafe.unibuc.ro\/wp-content\/uploads\/2024\/09\/Figura-2-1-300x117.png 300w, https:\/\/geosafe.unibuc.ro\/wp-content\/uploads\/2024\/09\/Figura-2-1-768x300.png 768w, https:\/\/geosafe.unibuc.ro\/wp-content\/uploads\/2024\/09\/Figura-2-1-1536x600.png 1536w, https:\/\/geosafe.unibuc.ro\/wp-content\/uploads\/2024\/09\/Figura-2-1-2048x800.png 2048w\" sizes=\"(max-width: 1024px) 100vw, 1024px\" \/>\t\t\t\t\t\t\t\t\t\t\t<figcaption class=\"widget-image-caption wp-caption-text\">Figura 2. Metodologia construirii lan\u021burilor de impact clasice<\/figcaption>\n\t\t\t\t\t\t\t\t\t\t<\/figure>\n\t\t\t\t\t\t\t\t\t<\/div>\n\t\t\t\t<\/div>\n\t\t\t\t\t<\/div>\n\t\t\t\t<\/div>\n\t\t<div class=\"elementor-element elementor-element-13682da e-flex e-con-boxed e-con e-parent\" data-id=\"13682da\" data-element_type=\"container\">\n\t\t\t\t\t<div class=\"e-con-inner\">\n\t\t\t\t<div class=\"elementor-element elementor-element-884ec37 elementor-widget elementor-widget-image\" data-id=\"884ec37\" data-element_type=\"widget\" data-widget_type=\"image.default\">\n\t\t\t\t<div class=\"elementor-widget-container\">\n\t\t\t\t\t\t\t\t\t\t\t\t<figure class=\"wp-caption\">\n\t\t\t\t\t\t\t\t\t\t<img decoding=\"async\" width=\"1024\" height=\"745\" src=\"https:\/\/geosafe.unibuc.ro\/wp-content\/uploads\/2024\/09\/Figura-3-1024x745.png\" class=\"attachment-large size-large wp-image-81\" alt=\"\" srcset=\"https:\/\/geosafe.unibuc.ro\/wp-content\/uploads\/2024\/09\/Figura-3-1024x745.png 1024w, https:\/\/geosafe.unibuc.ro\/wp-content\/uploads\/2024\/09\/Figura-3-300x218.png 300w, https:\/\/geosafe.unibuc.ro\/wp-content\/uploads\/2024\/09\/Figura-3-768x559.png 768w, https:\/\/geosafe.unibuc.ro\/wp-content\/uploads\/2024\/09\/Figura-3-1536x1118.png 1536w, https:\/\/geosafe.unibuc.ro\/wp-content\/uploads\/2024\/09\/Figura-3-2048x1491.png 2048w\" sizes=\"(max-width: 1024px) 100vw, 1024px\" \/>\t\t\t\t\t\t\t\t\t\t\t<figcaption class=\"widget-image-caption wp-caption-text\">Figura 3. Cadru conceptual de augmentare a vulnerabilit\u0103\u021bii de c\u0103tre impactul hazardelor \u0219i op\u021biunile de adaptare<\/figcaption>\n\t\t\t\t\t\t\t\t\t\t<\/figure>\n\t\t\t\t\t\t\t\t\t<\/div>\n\t\t\t\t<\/div>\n\t\t\t\t\t<\/div>\n\t\t\t\t<\/div>\n\t\t<div class=\"elementor-element elementor-element-9219464 e-flex e-con-boxed e-con e-parent\" data-id=\"9219464\" data-element_type=\"container\">\n\t\t\t\t\t<div class=\"e-con-inner\">\n\t\t\t\t<div class=\"elementor-element elementor-element-aa28480 elementor-widget elementor-widget-image\" data-id=\"aa28480\" data-element_type=\"widget\" data-widget_type=\"image.default\">\n\t\t\t\t<div class=\"elementor-widget-container\">\n\t\t\t\t\t\t\t\t\t\t\t\t<figure class=\"wp-caption\">\n\t\t\t\t\t\t\t\t\t\t<img decoding=\"async\" width=\"1024\" height=\"377\" src=\"https:\/\/geosafe.unibuc.ro\/wp-content\/uploads\/2024\/09\/Figura-4-1024x377.png\" class=\"attachment-large size-large wp-image-80\" alt=\"\" srcset=\"https:\/\/geosafe.unibuc.ro\/wp-content\/uploads\/2024\/09\/Figura-4-1024x377.png 1024w, https:\/\/geosafe.unibuc.ro\/wp-content\/uploads\/2024\/09\/Figura-4-300x111.png 300w, https:\/\/geosafe.unibuc.ro\/wp-content\/uploads\/2024\/09\/Figura-4-768x283.png 768w, https:\/\/geosafe.unibuc.ro\/wp-content\/uploads\/2024\/09\/Figura-4-1536x566.png 1536w, https:\/\/geosafe.unibuc.ro\/wp-content\/uploads\/2024\/09\/Figura-4-2048x755.png 2048w\" sizes=\"(max-width: 1024px) 100vw, 1024px\" \/>\t\t\t\t\t\t\t\t\t\t\t<figcaption class=\"widget-image-caption wp-caption-text\">Figura 4. Exemple de noi tipuri de elemente \u0219i conexiuni din lan\u021burile impact \u00eembun\u0103t\u0103\u021bite<\/figcaption>\n\t\t\t\t\t\t\t\t\t\t<\/figure>\n\t\t\t\t\t\t\t\t\t<\/div>\n\t\t\t\t<\/div>\n\t\t\t\t\t<\/div>\n\t\t\t\t<\/div>\n\t\t<div class=\"elementor-element elementor-element-dc5e309 e-flex e-con-boxed e-con e-parent\" data-id=\"dc5e309\" data-element_type=\"container\">\n\t\t\t\t\t<div class=\"e-con-inner\">\n\t\t\t\t<div class=\"elementor-element elementor-element-64657fb elementor-widget elementor-widget-image\" data-id=\"64657fb\" data-element_type=\"widget\" data-widget_type=\"image.default\">\n\t\t\t\t<div class=\"elementor-widget-container\">\n\t\t\t\t\t\t\t\t\t\t\t\t<figure class=\"wp-caption\">\n\t\t\t\t\t\t\t\t\t\t<img loading=\"lazy\" decoding=\"async\" width=\"2048\" height=\"897\" src=\"https:\/\/geosafe.unibuc.ro\/wp-content\/uploads\/2024\/09\/Figura-5-5-2048x897.jpg\" class=\"attachment-2048x2048 size-2048x2048 wp-image-91\" alt=\"\" srcset=\"https:\/\/geosafe.unibuc.ro\/wp-content\/uploads\/2024\/09\/Figura-5-5-2048x897.jpg 2048w, https:\/\/geosafe.unibuc.ro\/wp-content\/uploads\/2024\/09\/Figura-5-5-300x131.jpg 300w, https:\/\/geosafe.unibuc.ro\/wp-content\/uploads\/2024\/09\/Figura-5-5-1024x448.jpg 1024w, https:\/\/geosafe.unibuc.ro\/wp-content\/uploads\/2024\/09\/Figura-5-5-768x336.jpg 768w, https:\/\/geosafe.unibuc.ro\/wp-content\/uploads\/2024\/09\/Figura-5-5-1536x672.jpg 1536w\" sizes=\"(max-width: 2048px) 100vw, 2048px\" \/>\t\t\t\t\t\t\t\t\t\t\t<figcaption class=\"widget-image-caption wp-caption-text\">Figura 5. Lan\u021b de impact \u00eembun\u0103t\u0103\u021bit privind impactul combinate al inunda\u021biilor \u0219i pandemiei COVID-19 din anii 2020-2021, la nivel na\u021bional<\/figcaption>\n\t\t\t\t\t\t\t\t\t\t<\/figure>\n\t\t\t\t\t\t\t\t\t<\/div>\n\t\t\t\t<\/div>\n\t\t\t\t<div class=\"elementor-element elementor-element-0bea74c elementor-widget elementor-widget-text-editor\" data-id=\"0bea74c\" data-element_type=\"widget\" data-widget_type=\"text-editor.default\">\n\t\t\t\t<div class=\"elementor-widget-container\">\n\t\t\t\t\t\t\t\t\t<p>Ca rezultate secundare, \u00een curs de diseminare, se pot men\u021biona urm\u0103toarele:<\/p><ul><li>Modelul vulnerabilit\u0103\u021bii seismice sistemice la multi-hazard, dezvoltat pe baza lan\u021burilor referitoare la impactul inunda\u021biilor din 2020, 2021, 2022 \u0219i 2020-2022, precum \u0219i cel referitor la impactul concatenat al acestor hazarde hidrologice \u0219i al pandemiei COVID-19;<\/li><li>Studiul de caz centrat pe lan\u021bul de impact dezvoltat pentru a analiza impactul concatenat al inunda\u021biilor \u0219i secetei din perioada 2020-2022, la nivelul Rom\u00e2niei. Acesta a fost integrat unui demers \u0219tiin\u021bific interna\u021bional de amploare, care urm\u0103re\u0219te analiza strategiilor de adaptare la evenimentele notabile de tip multi-hazard la nivel global;<\/li><li>Analiza de tip forensic (forensic analysis) a efectelor acestui pandemiei COVID-19 la nivelul spitalelor din Bucure\u0219ti \u0219i a particularit\u0103\u021bilor managementului riscului \u00een acest caz, bazat\u0103 pe lan\u021bul de impact aferent.<\/li><\/ul>\t\t\t\t\t\t\t\t<\/div>\n\t\t\t\t<\/div>\n\t\t\t\t\t<\/div>\n\t\t\t\t<\/div>\n\t\t\t\t<\/div>\n\t\t","protected":false},"excerpt":{"rendered":"<p>Rezultate Activitate 1.2 \u00cen decursul desf\u0103\u0219ur\u0103rii proiectului, au fost realizate 9 lan\u021buri de impact, ce vizeaz\u0103 impactul hazardelor de tip inunda\u021bie, pandemie, seism \u0219i secet\u0103: Impactul concatenat al inunda\u021biilor \u0219i pandemiei COVID-19 la nivel na\u021bional, \u00een perioada 2020-2021; Impactul inunda\u021biilor la nivel na\u021bional, \u00een anul 2020; Impactul inunda\u021biilor la nivel na\u021bional, \u00een anul 2021; Impactul [&hellip;]<\/p>\n","protected":false},"author":1,"featured_media":0,"parent":0,"menu_order":0,"comment_status":"closed","ping_status":"closed","template":"","meta":{"footnotes":""},"class_list":["post-63","page","type-page","status-publish","hentry"],"_links":{"self":[{"href":"https:\/\/geosafe.unibuc.ro\/index.php\/wp-json\/wp\/v2\/pages\/63","targetHints":{"allow":["GET"]}}],"collection":[{"href":"https:\/\/geosafe.unibuc.ro\/index.php\/wp-json\/wp\/v2\/pages"}],"about":[{"href":"https:\/\/geosafe.unibuc.ro\/index.php\/wp-json\/wp\/v2\/types\/page"}],"author":[{"embeddable":true,"href":"https:\/\/geosafe.unibuc.ro\/index.php\/wp-json\/wp\/v2\/users\/1"}],"replies":[{"embeddable":true,"href":"https:\/\/geosafe.unibuc.ro\/index.php\/wp-json\/wp\/v2\/comments?post=63"}],"version-history":[{"count":48,"href":"https:\/\/geosafe.unibuc.ro\/index.php\/wp-json\/wp\/v2\/pages\/63\/revisions"}],"predecessor-version":[{"id":267,"href":"https:\/\/geosafe.unibuc.ro\/index.php\/wp-json\/wp\/v2\/pages\/63\/revisions\/267"}],"wp:attachment":[{"href":"https:\/\/geosafe.unibuc.ro\/index.php\/wp-json\/wp\/v2\/media?parent=63"}],"curies":[{"name":"wp","href":"https:\/\/api.w.org\/{rel}","templated":true}]}}